{"id":3992,"date":"2025-12-11T11:12:44","date_gmt":"2025-12-11T10:12:44","guid":{"rendered":"https:\/\/croixdegeneve.ch\/?post_type=product&#038;p=3992"},"modified":"2025-12-11T11:46:05","modified_gmt":"2025-12-11T10:46:05","slug":"unique-piece-january-2026","status":"publish","type":"product","link":"https:\/\/croixdegeneve.ch\/en\/produits\/unique-piece-january-2026\/","title":{"rendered":"Unique Piece January 2026"},"content":{"rendered":"<p data-start=\"98\" data-end=\"219\">This is the Januray edition of the Croix de Gen\u00e8ve.<br data-start=\"152\" data-end=\"155\" \/>Crafted in 5N gold, this special edition is set with purple sapphires.<\/p>\n<p data-start=\"221\" data-end=\"309\">It is mounted on a braided marine cord bracelet, handmade in our workshops in Carouge.<\/p>\n<p data-start=\"311\" data-end=\"481\">The ends of the cord are adorned with two charms. Extremely durable, the bracelet can be worn in all situations \u2013 it withstands showering, swimming, and even the sauna.<\/p>\n","protected":false},"excerpt":{"rendered":"<p data-start=\"32\" data-end=\"276\">This is the Januray edition of the Croix de Gen\u00e8ve.<br data-start=\"152\" data-end=\"155\" \/>Crafted in 5N gold, this special edition is set with purple sapphires.<\/p>\n","protected":false},"featured_media":4044,"comment_status":"open","ping_status":"closed","template":"","meta":{"_acf_changed":false},"product_cat":[33],"product_tag":[],"class_list":{"0":"post-3992","1":"product","2":"type-product","3":"status-publish","4":"has-post-thumbnail","6":"product_cat-croix-de-geneve-en","8":"first","9":"outofstock","10":"shipping-taxable","11":"purchasable","12":"product-type-simple"},"acf":[],"yoast_head":"<!-- This site is optimized with the Yoast SEO plugin v24.3 - https:\/\/yoast.com\/wordpress\/plugins\/seo\/ -->\n<title>Unique Piece January 2026 - Croix de Gen\u00e8ve<\/title>\n<meta name=\"description\" content=\"Habillez votre poignet du bracelet Le Pur, de la collection Croix de Gen\u00e8ve et profitez d&#039;un talisman embl\u00e9matique de la ville de Gen\u00e8ve.\" \/>\n<meta name=\"robots\" content=\"index, follow, max-snippet:-1, max-image-preview:large, max-video-preview:-1\" \/>\n<link rel=\"canonical\" href=\"https:\/\/croixdegeneve.ch\/en\/produits\/unique-piece-january-2026\/\" \/>\n<meta property=\"og:locale\" content=\"en_US\" \/>\n<meta property=\"og:type\" content=\"article\" \/>\n<meta property=\"og:title\" content=\"Unique Piece January 2026 - Croix de Gen\u00e8ve\" \/>\n<meta property=\"og:description\" content=\"Habillez votre poignet du bracelet Le Pur, de la collection Croix de Gen\u00e8ve et profitez d&#039;un talisman embl\u00e9matique de la ville de Gen\u00e8ve.\" \/>\n<meta property=\"og:url\" content=\"https:\/\/croixdegeneve.ch\/en\/produits\/unique-piece-january-2026\/\" \/>\n<meta property=\"og:site_name\" content=\"Croix de Gen\u00e8ve\" \/>\n<meta property=\"article:modified_time\" content=\"2025-12-11T10:46:05+00:00\" \/>\n<meta property=\"og:image\" content=\"https:\/\/croixdegeneve.ch\/wp-content\/uploads\/2025\/12\/DSC02239-copie.jpg\" \/>\n\t<meta property=\"og:image:width\" content=\"2592\" \/>\n\t<meta property=\"og:image:height\" content=\"1944\" \/>\n\t<meta property=\"og:image:type\" content=\"image\/jpeg\" \/>\n<meta name=\"twitter:card\" content=\"summary_large_image\" \/>\n<meta name=\"twitter:label1\" content=\"Est. reading time\" \/>\n\t<meta name=\"twitter:data1\" content=\"4 minutes\" \/>\n<script type=\"application\/ld+json\" class=\"yoast-schema-graph\">{\"@context\":\"https:\/\/schema.org\",\"@graph\":[{\"@type\":[\"WebPage\",\"CheckoutPage\"],\"@id\":\"https:\/\/croixdegeneve.ch\/en\/produits\/unique-piece-january-2026\/\",\"url\":\"https:\/\/croixdegeneve.ch\/en\/produits\/unique-piece-january-2026\/\",\"name\":\"Unique Piece January 2026 - Croix de Gen\u00e8ve\",\"isPartOf\":{\"@id\":\"https:\/\/croixdegeneve.ch\/en\/#website\"},\"primaryImageOfPage\":{\"@id\":\"https:\/\/croixdegeneve.ch\/en\/produits\/unique-piece-january-2026\/#primaryimage\"},\"image\":{\"@id\":\"https:\/\/croixdegeneve.ch\/en\/produits\/unique-piece-january-2026\/#primaryimage\"},\"thumbnailUrl\":\"https:\/\/croixdegeneve.ch\/wp-content\/uploads\/2025\/12\/DSC02239-copie-1.jpg\",\"datePublished\":\"2025-12-11T10:12:44+00:00\",\"dateModified\":\"2025-12-11T10:46:05+00:00\",\"description\":\"Habillez votre poignet du bracelet Le Pur, de la collection Croix de Gen\u00e8ve et profitez d'un talisman embl\u00e9matique de la ville de Gen\u00e8ve.\",\"breadcrumb\":{\"@id\":\"https:\/\/croixdegeneve.ch\/en\/produits\/unique-piece-january-2026\/#breadcrumb\"},\"inLanguage\":\"en-US\",\"potentialAction\":[{\"@type\":\"ReadAction\",\"target\":[\"https:\/\/croixdegeneve.ch\/en\/produits\/unique-piece-january-2026\/\"]}]},{\"@type\":\"ImageObject\",\"inLanguage\":\"en-US\",\"@id\":\"https:\/\/croixdegeneve.ch\/en\/produits\/unique-piece-january-2026\/#primaryimage\",\"url\":\"https:\/\/croixdegeneve.ch\/wp-content\/uploads\/2025\/12\/DSC02239-copie-1.jpg\",\"contentUrl\":\"https:\/\/croixdegeneve.ch\/wp-content\/uploads\/2025\/12\/DSC02239-copie-1.jpg\",\"width\":2592,\"height\":1944},{\"@type\":\"BreadcrumbList\",\"@id\":\"https:\/\/croixdegeneve.ch\/en\/produits\/unique-piece-january-2026\/#breadcrumb\",\"itemListElement\":[{\"@type\":\"ListItem\",\"position\":1,\"name\":\"Accueil\",\"item\":\"https:\/\/croixdegeneve.ch\/en\/\"},{\"@type\":\"ListItem\",\"position\":2,\"name\":\"Unique Piece January 2026\"}]},{\"@type\":\"WebSite\",\"@id\":\"https:\/\/croixdegeneve.ch\/en\/#website\",\"url\":\"https:\/\/croixdegeneve.ch\/en\/\",\"name\":\"Croix de Gen\u00e8ve\",\"description\":\"Shop la Croix de Gen\u00e8ve\",\"publisher\":{\"@id\":\"https:\/\/croixdegeneve.ch\/en\/#organization\"},\"potentialAction\":[{\"@type\":\"SearchAction\",\"target\":{\"@type\":\"EntryPoint\",\"urlTemplate\":\"https:\/\/croixdegeneve.ch\/en\/?s={search_term_string}\"},\"query-input\":{\"@type\":\"PropertyValueSpecification\",\"valueRequired\":true,\"valueName\":\"search_term_string\"}}],\"inLanguage\":\"en-US\"},{\"@type\":\"Organization\",\"@id\":\"https:\/\/croixdegeneve.ch\/en\/#organization\",\"name\":\"Golay Spierer SA\",\"url\":\"https:\/\/croixdegeneve.ch\/en\/\",\"logo\":{\"@type\":\"ImageObject\",\"inLanguage\":\"en-US\",\"@id\":\"https:\/\/croixdegeneve.ch\/en\/#\/schema\/logo\/image\/\",\"url\":\"https:\/\/croixdegeneve.ch\/wp-content\/uploads\/2025\/02\/Logo-avec-texte.png\",\"contentUrl\":\"https:\/\/croixdegeneve.ch\/wp-content\/uploads\/2025\/02\/Logo-avec-texte.png\",\"width\":932,\"height\":606,\"caption\":\"Golay Spierer SA\"},\"image\":{\"@id\":\"https:\/\/croixdegeneve.ch\/en\/#\/schema\/logo\/image\/\"},\"sameAs\":[\"https:\/\/www.instagram.com\/croixdegeneve\/\",\"https:\/\/www.linkedin.com\/company\/golay-spierer-sa\/\"]}]}<\/script>\n<!-- \/ Yoast SEO plugin. -->","yoast_head_json":{"title":"Unique Piece January 2026 - Croix de Gen\u00e8ve","description":"Habillez votre poignet du bracelet Le Pur, de la collection Croix de Gen\u00e8ve et profitez d'un talisman embl\u00e9matique de la ville de Gen\u00e8ve.","robots":{"index":"index","follow":"follow","max-snippet":"max-snippet:-1","max-image-preview":"max-image-preview:large","max-video-preview":"max-video-preview:-1"},"canonical":"https:\/\/croixdegeneve.ch\/en\/produits\/unique-piece-january-2026\/","og_locale":"en_US","og_type":"article","og_title":"Unique Piece January 2026 - Croix de Gen\u00e8ve","og_description":"Habillez votre poignet du bracelet Le Pur, de la collection Croix de Gen\u00e8ve et profitez d'un talisman embl\u00e9matique de la ville de Gen\u00e8ve.","og_url":"https:\/\/croixdegeneve.ch\/en\/produits\/unique-piece-january-2026\/","og_site_name":"Croix de Gen\u00e8ve","article_modified_time":"2025-12-11T10:46:05+00:00","og_image":[{"width":2592,"height":1944,"url":"https:\/\/croixdegeneve.ch\/wp-content\/uploads\/2025\/12\/DSC02239-copie.jpg","type":"image\/jpeg"}],"twitter_card":"summary_large_image","twitter_misc":{"Est. reading time":"4 minutes"},"schema":{"@context":"https:\/\/schema.org","@graph":[{"@type":["WebPage","CheckoutPage"],"@id":"https:\/\/croixdegeneve.ch\/en\/produits\/unique-piece-january-2026\/","url":"https:\/\/croixdegeneve.ch\/en\/produits\/unique-piece-january-2026\/","name":"Unique Piece January 2026 - Croix de Gen\u00e8ve","isPartOf":{"@id":"https:\/\/croixdegeneve.ch\/en\/#website"},"primaryImageOfPage":{"@id":"https:\/\/croixdegeneve.ch\/en\/produits\/unique-piece-january-2026\/#primaryimage"},"image":{"@id":"https:\/\/croixdegeneve.ch\/en\/produits\/unique-piece-january-2026\/#primaryimage"},"thumbnailUrl":"https:\/\/croixdegeneve.ch\/wp-content\/uploads\/2025\/12\/DSC02239-copie-1.jpg","datePublished":"2025-12-11T10:12:44+00:00","dateModified":"2025-12-11T10:46:05+00:00","description":"Habillez votre poignet du bracelet Le Pur, de la collection Croix de Gen\u00e8ve et profitez d'un talisman embl\u00e9matique de la ville de Gen\u00e8ve.","breadcrumb":{"@id":"https:\/\/croixdegeneve.ch\/en\/produits\/unique-piece-january-2026\/#breadcrumb"},"inLanguage":"en-US","potentialAction":[{"@type":"ReadAction","target":["https:\/\/croixdegeneve.ch\/en\/produits\/unique-piece-january-2026\/"]}]},{"@type":"ImageObject","inLanguage":"en-US","@id":"https:\/\/croixdegeneve.ch\/en\/produits\/unique-piece-january-2026\/#primaryimage","url":"https:\/\/croixdegeneve.ch\/wp-content\/uploads\/2025\/12\/DSC02239-copie-1.jpg","contentUrl":"https:\/\/croixdegeneve.ch\/wp-content\/uploads\/2025\/12\/DSC02239-copie-1.jpg","width":2592,"height":1944},{"@type":"BreadcrumbList","@id":"https:\/\/croixdegeneve.ch\/en\/produits\/unique-piece-january-2026\/#breadcrumb","itemListElement":[{"@type":"ListItem","position":1,"name":"Accueil","item":"https:\/\/croixdegeneve.ch\/en\/"},{"@type":"ListItem","position":2,"name":"Unique Piece January 2026"}]},{"@type":"WebSite","@id":"https:\/\/croixdegeneve.ch\/en\/#website","url":"https:\/\/croixdegeneve.ch\/en\/","name":"Croix de Gen\u00e8ve","description":"Shop la Croix de Gen\u00e8ve","publisher":{"@id":"https:\/\/croixdegeneve.ch\/en\/#organization"},"potentialAction":[{"@type":"SearchAction","target":{"@type":"EntryPoint","urlTemplate":"https:\/\/croixdegeneve.ch\/en\/?s={search_term_string}"},"query-input":{"@type":"PropertyValueSpecification","valueRequired":true,"valueName":"search_term_string"}}],"inLanguage":"en-US"},{"@type":"Organization","@id":"https:\/\/croixdegeneve.ch\/en\/#organization","name":"Golay Spierer SA","url":"https:\/\/croixdegeneve.ch\/en\/","logo":{"@type":"ImageObject","inLanguage":"en-US","@id":"https:\/\/croixdegeneve.ch\/en\/#\/schema\/logo\/image\/","url":"https:\/\/croixdegeneve.ch\/wp-content\/uploads\/2025\/02\/Logo-avec-texte.png","contentUrl":"https:\/\/croixdegeneve.ch\/wp-content\/uploads\/2025\/02\/Logo-avec-texte.png","width":932,"height":606,"caption":"Golay Spierer SA"},"image":{"@id":"https:\/\/croixdegeneve.ch\/en\/#\/schema\/logo\/image\/"},"sameAs":["https:\/\/www.instagram.com\/croixdegeneve\/","https:\/\/www.linkedin.com\/company\/golay-spierer-sa\/"]}]}},"_links":{"self":[{"href":"https:\/\/croixdegeneve.ch\/en\/wp-json\/wp\/v2\/product\/3992","targetHints":{"allow":["GET"]}}],"collection":[{"href":"https:\/\/croixdegeneve.ch\/en\/wp-json\/wp\/v2\/product"}],"about":[{"href":"https:\/\/croixdegeneve.ch\/en\/wp-json\/wp\/v2\/types\/product"}],"replies":[{"embeddable":true,"href":"https:\/\/croixdegeneve.ch\/en\/wp-json\/wp\/v2\/comments?post=3992"}],"wp:featuredmedia":[{"embeddable":true,"href":"https:\/\/croixdegeneve.ch\/en\/wp-json\/wp\/v2\/media\/4044"}],"wp:attachment":[{"href":"https:\/\/croixdegeneve.ch\/en\/wp-json\/wp\/v2\/media?parent=3992"}],"wp:term":[{"taxonomy":"product_cat","embeddable":true,"href":"https:\/\/croixdegeneve.ch\/en\/wp-json\/wp\/v2\/product_cat?post=3992"},{"taxonomy":"product_tag","embeddable":true,"href":"https:\/\/croixdegeneve.ch\/en\/wp-json\/wp\/v2\/product_tag?post=3992"}],"curies":[{"name":"wp","href":"https:\/\/api.w.org\/{rel}","templated":true}]}}