{"id":6285,"date":"2026-03-17T15:50:06","date_gmt":"2026-03-17T14:50:06","guid":{"rendered":"https:\/\/croixdegeneve.ch\/?post_type=product&#038;p=6285"},"modified":"2026-03-24T15:07:11","modified_gmt":"2026-03-24T14:07:11","slug":"piece-unique-avril-2026","status":"publish","type":"product","link":"https:\/\/croixdegeneve.ch\/en\/produits\/piece-unique-avril-2026\/","title":{"rendered":"Unique piece April 2026"},"content":{"rendered":"<p data-start=\"0\" data-end=\"51\">Here is the April edition of the Croix de Gen\u00e8ve.<\/p>\n<p data-start=\"53\" data-end=\"174\">Crafted in rose gold, this special edition is set with 20 diamonds and a cushion-cut rhodolite garnet measuring 6.3 mm.<\/p>\n<p data-start=\"176\" data-end=\"263\">It is mounted on a braided marine cord bracelet, handmade in our ateliers in Carouge.<\/p>\n<p data-start=\"265\" data-end=\"416\" data-is-last-node=\"\" data-is-only-node=\"\">The ends are finished with two charms. Highly durable, the bracelet can be worn in all conditions: it withstands showers, swimming, and even the sauna.<\/p>\n","protected":false},"excerpt":{"rendered":"<p data-start=\"0\" data-end=\"51\">Here is the April edition of the Croix de Gen\u00e8ve.<\/p>\n<p data-start=\"53\" data-end=\"174\">Crafted in rose gold, this special edition is set with 20 diamonds and a cushion-cut rhodolite garnet measuring 6.3 mm.<\/p>\n","protected":false},"featured_media":6287,"comment_status":"open","ping_status":"closed","template":"","meta":{"_acf_changed":false},"product_cat":[33],"product_tag":[],"class_list":{"0":"post-6285","1":"product","2":"type-product","3":"status-publish","4":"has-post-thumbnail","6":"product_cat-croix-de-geneve-en","8":"first","9":"instock","10":"shipping-taxable","11":"purchasable","12":"product-type-simple"},"acf":[],"yoast_head":"<!-- This site is optimized with the Yoast SEO plugin v24.3 - https:\/\/yoast.com\/wordpress\/plugins\/seo\/ -->\n<title>Unique piece April 2026 - Croix de Gen\u00e8ve<\/title>\n<meta name=\"description\" content=\"Habillez votre poignet du bracelet Le Pur, de la collection Croix de Gen\u00e8ve et profitez d&#039;un talisman embl\u00e9matique de la ville de Gen\u00e8ve.\" \/>\n<meta name=\"robots\" content=\"index, follow, max-snippet:-1, max-image-preview:large, max-video-preview:-1\" \/>\n<link rel=\"canonical\" href=\"https:\/\/croixdegeneve.ch\/en\/produits\/piece-unique-avril-2026\/\" \/>\n<meta property=\"og:locale\" content=\"en_US\" \/>\n<meta property=\"og:type\" content=\"article\" \/>\n<meta property=\"og:title\" content=\"Unique piece April 2026 - Croix de Gen\u00e8ve\" \/>\n<meta property=\"og:description\" content=\"Habillez votre poignet du bracelet Le Pur, de la collection Croix de Gen\u00e8ve et profitez d&#039;un talisman embl\u00e9matique de la ville de Gen\u00e8ve.\" \/>\n<meta property=\"og:url\" content=\"https:\/\/croixdegeneve.ch\/en\/produits\/piece-unique-avril-2026\/\" \/>\n<meta property=\"og:site_name\" content=\"Croix de Gen\u00e8ve\" \/>\n<meta property=\"article:modified_time\" content=\"2026-03-24T14:07:11+00:00\" \/>\n<meta property=\"og:image\" content=\"https:\/\/croixdegeneve.ch\/wp-content\/uploads\/2026\/03\/Avril-produit-copie.jpg\" \/>\n\t<meta property=\"og:image:width\" content=\"1944\" \/>\n\t<meta property=\"og:image:height\" content=\"2592\" \/>\n\t<meta property=\"og:image:type\" content=\"image\/jpeg\" \/>\n<meta name=\"twitter:card\" content=\"summary_large_image\" \/>\n<meta name=\"twitter:label1\" content=\"Est. reading time\" \/>\n\t<meta name=\"twitter:data1\" content=\"4 minutes\" \/>\n<script type=\"application\/ld+json\" class=\"yoast-schema-graph\">{\"@context\":\"https:\/\/schema.org\",\"@graph\":[{\"@type\":[\"WebPage\",\"CheckoutPage\"],\"@id\":\"https:\/\/croixdegeneve.ch\/en\/produits\/piece-unique-avril-2026\/\",\"url\":\"https:\/\/croixdegeneve.ch\/en\/produits\/piece-unique-avril-2026\/\",\"name\":\"Unique piece April 2026 - Croix de Gen\u00e8ve\",\"isPartOf\":{\"@id\":\"https:\/\/croixdegeneve.ch\/en\/#website\"},\"primaryImageOfPage\":{\"@id\":\"https:\/\/croixdegeneve.ch\/en\/produits\/piece-unique-avril-2026\/#primaryimage\"},\"image\":{\"@id\":\"https:\/\/croixdegeneve.ch\/en\/produits\/piece-unique-avril-2026\/#primaryimage\"},\"thumbnailUrl\":\"https:\/\/croixdegeneve.ch\/wp-content\/uploads\/2026\/03\/Avril-produit-copie.jpg\",\"datePublished\":\"2026-03-17T14:50:06+00:00\",\"dateModified\":\"2026-03-24T14:07:11+00:00\",\"description\":\"Habillez votre poignet du bracelet Le Pur, de la collection Croix de Gen\u00e8ve et profitez d'un talisman embl\u00e9matique de la ville de Gen\u00e8ve.\",\"breadcrumb\":{\"@id\":\"https:\/\/croixdegeneve.ch\/en\/produits\/piece-unique-avril-2026\/#breadcrumb\"},\"inLanguage\":\"en-US\",\"potentialAction\":[{\"@type\":\"ReadAction\",\"target\":[\"https:\/\/croixdegeneve.ch\/en\/produits\/piece-unique-avril-2026\/\"]}]},{\"@type\":\"ImageObject\",\"inLanguage\":\"en-US\",\"@id\":\"https:\/\/croixdegeneve.ch\/en\/produits\/piece-unique-avril-2026\/#primaryimage\",\"url\":\"https:\/\/croixdegeneve.ch\/wp-content\/uploads\/2026\/03\/Avril-produit-copie.jpg\",\"contentUrl\":\"https:\/\/croixdegeneve.ch\/wp-content\/uploads\/2026\/03\/Avril-produit-copie.jpg\",\"width\":1944,\"height\":2592},{\"@type\":\"BreadcrumbList\",\"@id\":\"https:\/\/croixdegeneve.ch\/en\/produits\/piece-unique-avril-2026\/#breadcrumb\",\"itemListElement\":[{\"@type\":\"ListItem\",\"position\":1,\"name\":\"Accueil\",\"item\":\"https:\/\/croixdegeneve.ch\/en\/\"},{\"@type\":\"ListItem\",\"position\":2,\"name\":\"Unique piece April 2026\"}]},{\"@type\":\"WebSite\",\"@id\":\"https:\/\/croixdegeneve.ch\/en\/#website\",\"url\":\"https:\/\/croixdegeneve.ch\/en\/\",\"name\":\"Croix de Gen\u00e8ve\",\"description\":\"Shop la Croix de Gen\u00e8ve\",\"publisher\":{\"@id\":\"https:\/\/croixdegeneve.ch\/en\/#organization\"},\"potentialAction\":[{\"@type\":\"SearchAction\",\"target\":{\"@type\":\"EntryPoint\",\"urlTemplate\":\"https:\/\/croixdegeneve.ch\/en\/?s={search_term_string}\"},\"query-input\":{\"@type\":\"PropertyValueSpecification\",\"valueRequired\":true,\"valueName\":\"search_term_string\"}}],\"inLanguage\":\"en-US\"},{\"@type\":\"Organization\",\"@id\":\"https:\/\/croixdegeneve.ch\/en\/#organization\",\"name\":\"Golay Spierer SA\",\"url\":\"https:\/\/croixdegeneve.ch\/en\/\",\"logo\":{\"@type\":\"ImageObject\",\"inLanguage\":\"en-US\",\"@id\":\"https:\/\/croixdegeneve.ch\/en\/#\/schema\/logo\/image\/\",\"url\":\"https:\/\/croixdegeneve.ch\/wp-content\/uploads\/2025\/02\/Logo-avec-texte.png\",\"contentUrl\":\"https:\/\/croixdegeneve.ch\/wp-content\/uploads\/2025\/02\/Logo-avec-texte.png\",\"width\":932,\"height\":606,\"caption\":\"Golay Spierer SA\"},\"image\":{\"@id\":\"https:\/\/croixdegeneve.ch\/en\/#\/schema\/logo\/image\/\"},\"sameAs\":[\"https:\/\/www.instagram.com\/croixdegeneve\/\",\"https:\/\/www.linkedin.com\/company\/golay-spierer-sa\/\"]}]}<\/script>\n<!-- \/ Yoast SEO plugin. -->","yoast_head_json":{"title":"Unique piece April 2026 - Croix de Gen\u00e8ve","description":"Habillez votre poignet du bracelet Le Pur, de la collection Croix de Gen\u00e8ve et profitez d'un talisman embl\u00e9matique de la ville de Gen\u00e8ve.","robots":{"index":"index","follow":"follow","max-snippet":"max-snippet:-1","max-image-preview":"max-image-preview:large","max-video-preview":"max-video-preview:-1"},"canonical":"https:\/\/croixdegeneve.ch\/en\/produits\/piece-unique-avril-2026\/","og_locale":"en_US","og_type":"article","og_title":"Unique piece April 2026 - Croix de Gen\u00e8ve","og_description":"Habillez votre poignet du bracelet Le Pur, de la collection Croix de Gen\u00e8ve et profitez d'un talisman embl\u00e9matique de la ville de Gen\u00e8ve.","og_url":"https:\/\/croixdegeneve.ch\/en\/produits\/piece-unique-avril-2026\/","og_site_name":"Croix de Gen\u00e8ve","article_modified_time":"2026-03-24T14:07:11+00:00","og_image":[{"width":1944,"height":2592,"url":"https:\/\/croixdegeneve.ch\/wp-content\/uploads\/2026\/03\/Avril-produit-copie.jpg","type":"image\/jpeg"}],"twitter_card":"summary_large_image","twitter_misc":{"Est. reading time":"4 minutes"},"schema":{"@context":"https:\/\/schema.org","@graph":[{"@type":["WebPage","CheckoutPage"],"@id":"https:\/\/croixdegeneve.ch\/en\/produits\/piece-unique-avril-2026\/","url":"https:\/\/croixdegeneve.ch\/en\/produits\/piece-unique-avril-2026\/","name":"Unique piece April 2026 - Croix de Gen\u00e8ve","isPartOf":{"@id":"https:\/\/croixdegeneve.ch\/en\/#website"},"primaryImageOfPage":{"@id":"https:\/\/croixdegeneve.ch\/en\/produits\/piece-unique-avril-2026\/#primaryimage"},"image":{"@id":"https:\/\/croixdegeneve.ch\/en\/produits\/piece-unique-avril-2026\/#primaryimage"},"thumbnailUrl":"https:\/\/croixdegeneve.ch\/wp-content\/uploads\/2026\/03\/Avril-produit-copie.jpg","datePublished":"2026-03-17T14:50:06+00:00","dateModified":"2026-03-24T14:07:11+00:00","description":"Habillez votre poignet du bracelet Le Pur, de la collection Croix de Gen\u00e8ve et profitez d'un talisman embl\u00e9matique de la ville de Gen\u00e8ve.","breadcrumb":{"@id":"https:\/\/croixdegeneve.ch\/en\/produits\/piece-unique-avril-2026\/#breadcrumb"},"inLanguage":"en-US","potentialAction":[{"@type":"ReadAction","target":["https:\/\/croixdegeneve.ch\/en\/produits\/piece-unique-avril-2026\/"]}]},{"@type":"ImageObject","inLanguage":"en-US","@id":"https:\/\/croixdegeneve.ch\/en\/produits\/piece-unique-avril-2026\/#primaryimage","url":"https:\/\/croixdegeneve.ch\/wp-content\/uploads\/2026\/03\/Avril-produit-copie.jpg","contentUrl":"https:\/\/croixdegeneve.ch\/wp-content\/uploads\/2026\/03\/Avril-produit-copie.jpg","width":1944,"height":2592},{"@type":"BreadcrumbList","@id":"https:\/\/croixdegeneve.ch\/en\/produits\/piece-unique-avril-2026\/#breadcrumb","itemListElement":[{"@type":"ListItem","position":1,"name":"Accueil","item":"https:\/\/croixdegeneve.ch\/en\/"},{"@type":"ListItem","position":2,"name":"Unique piece April 2026"}]},{"@type":"WebSite","@id":"https:\/\/croixdegeneve.ch\/en\/#website","url":"https:\/\/croixdegeneve.ch\/en\/","name":"Croix de Gen\u00e8ve","description":"Shop la Croix de Gen\u00e8ve","publisher":{"@id":"https:\/\/croixdegeneve.ch\/en\/#organization"},"potentialAction":[{"@type":"SearchAction","target":{"@type":"EntryPoint","urlTemplate":"https:\/\/croixdegeneve.ch\/en\/?s={search_term_string}"},"query-input":{"@type":"PropertyValueSpecification","valueRequired":true,"valueName":"search_term_string"}}],"inLanguage":"en-US"},{"@type":"Organization","@id":"https:\/\/croixdegeneve.ch\/en\/#organization","name":"Golay Spierer SA","url":"https:\/\/croixdegeneve.ch\/en\/","logo":{"@type":"ImageObject","inLanguage":"en-US","@id":"https:\/\/croixdegeneve.ch\/en\/#\/schema\/logo\/image\/","url":"https:\/\/croixdegeneve.ch\/wp-content\/uploads\/2025\/02\/Logo-avec-texte.png","contentUrl":"https:\/\/croixdegeneve.ch\/wp-content\/uploads\/2025\/02\/Logo-avec-texte.png","width":932,"height":606,"caption":"Golay Spierer SA"},"image":{"@id":"https:\/\/croixdegeneve.ch\/en\/#\/schema\/logo\/image\/"},"sameAs":["https:\/\/www.instagram.com\/croixdegeneve\/","https:\/\/www.linkedin.com\/company\/golay-spierer-sa\/"]}]}},"_links":{"self":[{"href":"https:\/\/croixdegeneve.ch\/en\/wp-json\/wp\/v2\/product\/6285","targetHints":{"allow":["GET"]}}],"collection":[{"href":"https:\/\/croixdegeneve.ch\/en\/wp-json\/wp\/v2\/product"}],"about":[{"href":"https:\/\/croixdegeneve.ch\/en\/wp-json\/wp\/v2\/types\/product"}],"replies":[{"embeddable":true,"href":"https:\/\/croixdegeneve.ch\/en\/wp-json\/wp\/v2\/comments?post=6285"}],"wp:featuredmedia":[{"embeddable":true,"href":"https:\/\/croixdegeneve.ch\/en\/wp-json\/wp\/v2\/media\/6287"}],"wp:attachment":[{"href":"https:\/\/croixdegeneve.ch\/en\/wp-json\/wp\/v2\/media?parent=6285"}],"wp:term":[{"taxonomy":"product_cat","embeddable":true,"href":"https:\/\/croixdegeneve.ch\/en\/wp-json\/wp\/v2\/product_cat?post=6285"},{"taxonomy":"product_tag","embeddable":true,"href":"https:\/\/croixdegeneve.ch\/en\/wp-json\/wp\/v2\/product_tag?post=6285"}],"curies":[{"name":"wp","href":"https:\/\/api.w.org\/{rel}","templated":true}]}}